{"id":6452,"date":"2022-12-07T10:54:44","date_gmt":"2022-12-07T10:54:44","guid":{"rendered":"http:\/\/prueba.mcasablancas.com\/avis-legal\/"},"modified":"2024-07-24T10:19:28","modified_gmt":"2024-07-24T10:19:28","slug":"avis-legal","status":"publish","type":"page","link":"https:\/\/www.mcasablancas.com\/ca\/avis-legal\/","title":{"rendered":"Av\u00eds Legal"},"content":{"rendered":"\t\t<div data-elementor-type=\"wp-page\" data-elementor-id=\"6452\" class=\"elementor elementor-6452 elementor-52\" data-elementor-post-type=\"page\">\n\t\t\t\t\t\t<section class=\"elementor-section elementor-top-section elementor-element elementor-element-2c9746d elementor-section-boxed elementor-section-height-default elementor-section-height-default\" data-id=\"2c9746d\" data-element_type=\"section\" data-e-type=\"section\">\n\t\t\t\t\t\t<div class=\"elementor-container elementor-column-gap-wider\">\n\t\t\t\t\t<div class=\"elementor-column elementor-col-33 elementor-top-column elementor-element elementor-element-039dd71\" data-id=\"039dd71\" data-element_type=\"column\" data-e-type=\"column\">\n\t\t\t<div class=\"elementor-widget-wrap elementor-element-populated\">\n\t\t\t\t\t\t<div class=\"elementor-element elementor-element-0ab19dd elementor-toc--minimized-on-tablet elementor-widget elementor-widget-table-of-contents\" data-id=\"0ab19dd\" data-element_type=\"widget\" data-e-type=\"widget\" data-settings=\"{&quot;headings_by_tags&quot;:[&quot;h3&quot;,&quot;h4&quot;],&quot;exclude_headings_by_selector&quot;:[],&quot;marker_view&quot;:&quot;bullets&quot;,&quot;icon&quot;:{&quot;value&quot;:&quot;&quot;,&quot;library&quot;:&quot;&quot;},&quot;no_headings_message&quot;:&quot;No s&#039;ha trobat cap encap\\u00e7alament en aquesta p\\u00e0gina.&quot;,&quot;minimize_box&quot;:&quot;yes&quot;,&quot;minimized_on&quot;:&quot;tablet&quot;,&quot;hierarchical_view&quot;:&quot;yes&quot;,&quot;min_height&quot;:{&quot;unit&quot;:&quot;px&quot;,&quot;size&quot;:&quot;&quot;,&quot;sizes&quot;:[]},&quot;min_height_widescreen&quot;:{&quot;unit&quot;:&quot;px&quot;,&quot;size&quot;:&quot;&quot;,&quot;sizes&quot;:[]},&quot;min_height_tablet&quot;:{&quot;unit&quot;:&quot;px&quot;,&quot;size&quot;:&quot;&quot;,&quot;sizes&quot;:[]},&quot;min_height_mobile&quot;:{&quot;unit&quot;:&quot;px&quot;,&quot;size&quot;:&quot;&quot;,&quot;sizes&quot;:[]}}\" data-widget_type=\"table-of-contents.default\">\n\t\t\t\t<div class=\"elementor-widget-container\">\n\t\t\t\t\t\t\t\t\t<div class=\"elementor-toc__header\">\n\t\t\t\t\t\t<h4 class=\"elementor-toc__header-title\">\n\t\t\t\t\u00cdndex de continguts\t\t\t<\/h4>\n\t\t\t\t\t\t\t\t\t\t<div class=\"elementor-toc__toggle-button elementor-toc__toggle-button--expand\" role=\"button\" tabindex=\"0\" aria-controls=\"elementor-toc__0ab19dd\" aria-expanded=\"true\" aria-label=\"Open table of contents\"><i aria-hidden=\"true\" class=\"fas fa-chevron-down\"><\/i><\/div>\n\t\t\t\t<div class=\"elementor-toc__toggle-button elementor-toc__toggle-button--collapse\" role=\"button\" tabindex=\"0\" aria-controls=\"elementor-toc__0ab19dd\" aria-expanded=\"true\" aria-label=\"Close table of contents\"><i aria-hidden=\"true\" class=\"fas fa-chevron-up\"><\/i><\/div>\n\t\t\t\t\t<\/div>\n\t\t\t\t<div id=\"elementor-toc__0ab19dd\" class=\"elementor-toc__body\">\n\t\t\t<div class=\"elementor-toc__spinner-container\">\n\t\t\t\t<i class=\"elementor-toc__spinner eicon-animation-spin eicon-loading\" aria-hidden=\"true\"><\/i>\t\t\t<\/div>\n\t\t<\/div>\n\t\t\t\t\t\t<\/div>\n\t\t\t\t<\/div>\n\t\t\t\t<section class=\"elementor-section elementor-inner-section elementor-element elementor-element-7ccbf11 elementor-section-boxed elementor-section-height-default elementor-section-height-default\" data-id=\"7ccbf11\" data-element_type=\"section\" data-e-type=\"section\" data-settings=\"{&quot;sticky&quot;:&quot;top&quot;,&quot;sticky_offset&quot;:100,&quot;sticky_parent&quot;:&quot;yes&quot;,&quot;sticky_on&quot;:[&quot;widescreen&quot;,&quot;desktop&quot;,&quot;tablet&quot;,&quot;mobile&quot;],&quot;sticky_effects_offset&quot;:0,&quot;sticky_anchor_link_offset&quot;:0}\">\n\t\t\t\t\t\t<div class=\"elementor-container elementor-column-gap-default\">\n\t\t\t\t\t<div class=\"elementor-column elementor-col-100 elementor-inner-column elementor-element elementor-element-b148619\" data-id=\"b148619\" data-element_type=\"column\" data-e-type=\"column\">\n\t\t\t<div class=\"elementor-widget-wrap elementor-element-populated\">\n\t\t\t\t\t\t<div class=\"elementor-element elementor-element-27ab67d elementor-widget elementor-widget-text-editor\" data-id=\"27ab67d\" data-element_type=\"widget\" data-e-type=\"widget\" data-widget_type=\"text-editor.default\">\n\t\t\t\t<div class=\"elementor-widget-container\">\n\t\t\t\t\t\t\t\t\t<h5>Assegurances Casablancas<\/h5>\n<p><strong>Titular:<\/strong> Morera Casablancas, S.L. Corredoria d&#8217;assegurances<\/p>\n<p><strong>Adre\u00e7a: <\/strong>Pla\u00e7a Dolors Miralles, 23 08202-Sabadell (Barcelona)<\/p>\n<p><strong>C.I.F.:<\/strong> B60821477<\/p>\n<p><strong>Tel\u00e8fon:<\/strong> 93 727 81 09<\/p>\n<p><strong>Email:<\/strong> <a href=\"mailto:info@mcasablancas.com\">info@mcasablancas.com<\/a><\/p>\t\t\t\t\t\t\t\t<\/div>\n\t\t\t\t<\/div>\n\t\t\t\t\t<\/div>\n\t\t<\/div>\n\t\t\t\t\t<\/div>\n\t\t<\/section>\n\t\t\t\t\t<\/div>\n\t\t<\/div>\n\t\t\t\t<div class=\"elementor-column elementor-col-66 elementor-top-column elementor-element elementor-element-3c94df9\" data-id=\"3c94df9\" data-element_type=\"column\" data-e-type=\"column\">\n\t\t\t<div class=\"elementor-widget-wrap elementor-element-populated\">\n\t\t\t\t\t\t<div class=\"elementor-element elementor-element-12d8b3b elementor-widget elementor-widget-text-editor\" data-id=\"12d8b3b\" data-element_type=\"widget\" data-e-type=\"widget\" data-widget_type=\"text-editor.default\">\n\t\t\t\t<div class=\"elementor-widget-container\">\n\t\t\t\t\t\t\t\t\t<p>En compliment amb lo establert a la Llei 34\/2002 del 11 de juliol de serveis de la societat de la informaci\u00f3 i de comer\u00e7 electr\u00f2nic, a continuaci\u00f3 es reflecteixen les dades d\u2019informaci\u00f3 general d\u2019aquest portal:<\/p>\n<p>Titular: <strong>MORERA CASABLANCAS S.L. CORREDUR\u00cdA DE SEGUROS<\/strong><br \/>Adre\u00e7a: Pla\u00e7a Dolors Miralles, 23, Sabadell<br \/>CIF B60821477<br \/>Registro DGS J-2779<\/p>\n<p>Concertada la p\u00f2lissa de Responsabilitat Civil Professional i Assegurances de Cauci\u00f3 segons l\u2019art. 27 de la Llei 26\/2006 del 17 juliol de Mediaci\u00f3 d\u2019Assegurances i Reassegurances Privats<\/p>\n<\/p>\n<p>De conformitat amb all\u00f2 establert a l\u2019Ordre ECO 734\/2004, d\u00b411 de mar\u00e7 (BOE 24 de mar\u00e7 de 2004), l\u2019informem que si vost\u00e8 desitja formular qualsevol queixa o reclamaci\u00f3 relativa a la nostra intervenci\u00f3 mediadora, pot adre\u00e7ar-se al nostre Departament d\u2019atenci\u00f3 al client, quina adre\u00e7a \u00e9s Passeig Sant Joan, 33, bxos, 08010 Barcelona, <a href=\"mailto:elcol-legi@elcol-legi.org\">elcol-legi@elcol-legi.org<\/a>, la prestaci\u00f3 del servei d&#8217;atenci\u00f3 al client i la persona responsable, Sr. Josep Llu\u00eds Fern\u00e1ndez S\u00e1nchez. <\/p>\n<p><strong style=\"color: inherit; font-size: 1.6em;\">I. Usuaris<\/strong><\/p>\n<p>Qui accedeixi a la p\u00e0gina web t\u00e9 la condici\u00f3 d\u2019usuari\/\u00e0ria i accepta en aquest moment, de forma plena i sense reserves, aquestes Condicions Generals, aix\u00ed com les Condicions Particulars que, si escau, complementin, modifiquin o substitueixin les Condicions Generals en relaci\u00f3 amb determinats serveis i continguts del portal.<\/p>\n<h3><strong>II. \u00das de la p\u00e0gina web, seus serveis i continguts<\/strong><\/h3>\n<p>L\u2019usuari es compromet a fer un \u00fas adequat del portal i dels seus continguts i serveis sense contravenir la legislaci\u00f3 vigent, la bona fe, els usos generalment acceptats i l\u2019ordre p\u00fablic. Aix\u00ed mateix, queda prohibit l&#8217;\u00fas del portal amb finalitats il\u00b7l\u00edcites o lesives contra MORERA CASABLANCAS S.L. CORREDORIA D&#8217;ASSEGURANCES o qualsevol tercer, o que, de qualsevol manera, puguin causar perjudici o impedir el funcionament normal del portal.<br \/>Respecte dels continguts (informacions, textos, gr\u00e0fics, arxius de so i\/o imatges, fotografies, disennys, etc), es prohIbeix:<br \/>\u2022 La seva reproducci\u00f3, c\u00f2pia, distribuci\u00f3 o modificaci\u00f3 a menys que es tingui autoritzaci\u00f3 expressa i per escrit del seus leg\u00edtims titulars o resulti legalment perm\u00e8s.<br \/>\u2022 Qualsevol vulneraci\u00f3 dels drets de MORERA CASABLANCAS S.L. CORREDORIA D\u2019ASSEGURANCES o dels seus leg\u00edtims titulars sobre els mateixos.<br \/>\u2022 La seva utilitzaci\u00f3 per a tot tipus de fins comercials o publicitaris, diferents dels estrictament permesos.<br \/>\u2022 Qualsevol intent d&#8217;obtenir els continguts del portal per qualsevol mitj\u00e0 diferent dels que es posin a disposici\u00f3 dels usuaris aix\u00ed com dels que habitualment s&#8217;utilitzin a la xarxa, sempre que no causin cap perjudici al portal de MORERA CASABLANCAS S.L. CORREDORIA D\u2019ASSEGURANCES.<\/p>\n<h3><strong>III. Responsabilitat de l\u2019usuari per danys i perjudicis<\/strong><\/h3>\n<p>L&#8217;\u00fas del portal es realitzar\u00e0 sota la responsabilitat \u00fanica i exclusiva de l&#8217;Usuari. Aquesta responsabilitat s&#8217;estendr\u00e0 a l&#8217;\u00fas, per part de l&#8217;usuari o de qualsevol tercer, de qualsevol contrasenya o similars assignades per a l&#8217;acc\u00e9s al portal o a qualsevol dels seus serveis.<br \/>Sense perjudici de l\u2019anterior, MORERA CASABLANCAS S.L. CORREDORIA D\u2019ASSEGURANCES es reserva el dret per a denegar en qualsevol moment i sense necessitat d\u2019av\u00eds previ, l\u2019acc\u00e9s al portal a aquells usuaris que incompleixin aquestes Condicions Generals, o les Particulars que en cada cas els siguin aplicables.<\/p>\n<h3><strong>IV. Modificaci\u00f3 unilateral<\/strong><\/h3>\n<p>MORERA CASABLANCAS S.L. CORREDORIA D\u2019ASSEGURANCES podr\u00e1 efectuar unilateralment i sense previ av\u00eds, les modificacions que consideri oportunes a l\u2019estructura i el disseny de la seva p\u00e0gina web, aix\u00ed com canviar o suprimir els serveis, continguts i les condicions d\u2019acc\u00e9s i\/o \u00fas del portal.<\/p>\n<h3><strong>V. Enlla\u00e7os<\/strong><\/h3>\n<p>Les persones o entitats que pretenguin fer o realitzin un hiperenlla\u00e7 des d\u2019una p\u00e0gina web d\u2019un altre portal a qualsevol de les pagines web del portal de MORERA CASABLANCAS S.L. CORREDOR\u00cdA D\u2019ASSEGURANCES s\u2019hauran de sotmetre a les seg\u00fcents condicions:<br \/>\u2022 No es permet la reproducci\u00f3 total ni parcial de cap dels serveis ni continguts del portal de MORERA CASABLANCAS S.L. CORREDOR\u00cdA D\u2019ASSEGURANCES.<br \/>\u2022 No s\u2019establiran deep-links, ni enlla\u00e7os IMG o de imatge, ni frames amb les p\u00e0gines del portal de MORERA CASABLANCAS S.L. CORREDOR\u00cdA D\u2019ASSEGURANCES sense la pr\u00e8via autoritzaci\u00f3 expressa de MORERA CASABLANCAS S.L. CORREDOR\u00cdA D\u2019ASSEGURANCES.<br \/>\u2022 No s\u2019hi inclour\u00e0 cap manifestaci\u00f3 falsa, inexacta o incorrecta sobre les p\u00e0gines del portal de MORERA CASABLANCAS S.L. CORREDOR\u00cdA D\u2019ASSEGURANCES ni sobre els serveis o continguts del mateix.<br \/>\u2022 Excepte aquells signes que formin part de l\u2019hiperenlla\u00e7, la p\u00e0gina web en la que s\u2019estableix no tindr\u00e0 cap marca, nom comercial, nom d\u2019establiment, denominaci\u00f3, logotip, esl\u00f2gan o altres signes distintius pertanyents a MORERA CASABLANCAS S.L. CORREDOR\u00cdA D\u2019ASSEGURANCES, excepte expressa autoritzaci\u00f3 d\u2019aquesta.<br \/>\u2022 L\u2019establiment de l\u2019hiperenlla\u00e7 no implicar\u00e0 l\u2019exist\u00e8ncia de relacions entre MORERA CASABLANCAS S.L. CORREDOR\u00cdA D\u2019ASSEGURANCES i el titular del portal des del qual es realitzi, ni el coneixement i acceptaci\u00f3 de MORERA CASABLANCAS S.L. CORREDOR\u00cdA D\u2019ASSEGURANCES dels serveis o continguts oferits al portal.<br \/>\u2022 MORERA CASABLANCAS S.L. CORREDORIA D\u2019ASEGURANCES no ser\u00e0 responsable dels continguts o serveis posats a disposici\u00f3 del p\u00fablic a la p\u00e0gina web des de la qual es realitzi el hiperenlla\u00e7 ni de las informacions i manifestacions incloses en les mateixes.<br \/>\u2022 Qualsevol hiperenlla\u00e7 al portal de MORERA CASABLANCAS S.L. CORREDOR\u00cdA D\u2019ASSEGURANCES s\u2019efectuar\u00e0 a la seva p\u00e0gina principal o p\u00e0gines principals de les seccions que cont\u00e9.<\/p>\n<h3><strong>VI. Exclusi\u00f3 de garanties i responsabilitat<\/strong><\/h3>\n<p>MORERA CASABLANCAS S.L. CORREDORIA D\u2019ASSEGURANCES no garanteix ni es responsabilitza, en cap cas, dels danys i perjudicis de qualsevol naturalesa que se deguin a les seg\u00fcents circumst\u00e0ncies:<br \/>\u2022 La falta de disponibilitat, manteniment i efectiu funcionament del portal i\/o de seus serveis o continguts.<br \/>\u2022 La falta d&#8217;utilitat, adequaci\u00f3 o validesa del portal i\/o dels seus serveis o continguts per satisfer necessitats, activitats o resultats concrets o expectatives dels usuaris.<br \/>\u2022 L&#8217;exist\u00e8ncia de virus, programes maliciosos o lesius als continguts.<br \/>\u2022 La recepci\u00f3, obtenci\u00f3, emmagatzematge, difusi\u00f3 o transmissi\u00f3 dels continguts per part dels usuaris.<br \/>\u2022 L&#8217;\u00fas il\u00b7l\u00edcit, negligent, fraudulent, contrari a aquestes Condicions Generals, a la bona fe, als usos generalment acceptats o a l&#8217;ordre p\u00fablic del portal, dels seus serveis o continguts, per part dels usuaris.<br \/>\u2022 La manca de licitud, qualitat, fiabilitat, utilitat i disponibilitat dels serveis prestats per tercers i posats a disposici\u00f3 dels usuaris al portal.<br \/>\u2022 L&#8217;incompliment per part de tercers de les obligacions o compromisos en relaci\u00f3 amb els serveis prestats als usuaris a trav\u00e9s del portal.<\/p>\n<h3><strong>VII. Duraci\u00f3<\/strong><\/h3>\n<p>La duraci\u00f3 de la prestaci\u00f3 del servei del portal i dels serveis \u00e9s de car\u00e0cter indefinit.<br \/>Sense prejudici de l\u2019anterior, MORERA CASABLANCAS, S.L. CORREDORIA D\u2019ASSEGURANCES es reserva el dret per a interrompre, suspendre o finalitzar la prestaci\u00f3 del servei del portal o de qualsevol dels serveis que l\u2019integren, als mateixos termes que es recullen en la condici\u00f3 quarta.<\/p>\n<h3><strong>VIII. Propietat Intel\u00b7lectual<\/strong><\/h3>\n<p>Als efectes de preservar els possibles drets de propietat intel\u00b7lectual en el cas de que qualsevol usuari o un tercer consideri que s\u2019ha produ\u00eft una vulneraci\u00f3 dels seus leg\u00edtims drets per l\u00b4introducci\u00f3 d\u2019un determinat contingut en el portal, haur\u00e0 de notificar aquesta circumst\u00e0ncia a MORERA CASABLANCAS S.L. CORREDORIA D\u2019ASSEGURANCES assenyalant:<br \/>\u2022 Dades personals de l\u2019interessat titular del drets presumptament infringits. Si la reclamaci\u00f3 la presenta un tercer diferent de l\u2019interessat haur\u00e0 d\u2019indicar la representaci\u00f3 amb la que actua. <br \/>\u2022 Indicaci\u00f3 dels continguts protegits pels drets de propietat intel\u00b7lectual i la seva ubicaci\u00f3 al portal.<br \/>\u2022 Acreditaci\u00f3 dels esmentats drets de propietat intel\u00b7lectual.<br \/>\u2022 Declaraci\u00f3 expressa on l\u2019interessat es responsabilitza de la veracitat de les informacions facilitades en la notificaci\u00f3.<br \/>La legitimitat dels drets de propietat intel\u00b7lectual corresponents als continguts aportats per tercers \u00e9s de la exclusiva responsabilitat dels mateixos.<\/p>\n\t\t\t\t\t\t\t\t<\/div>\n\t\t\t\t<\/div>\n\t\t\t\t\t<\/div>\n\t\t<\/div>\n\t\t\t\t\t<\/div>\n\t\t<\/section>\n\t\t\t\t<\/div>\n\t\t","protected":false},"excerpt":{"rendered":"<p>\u00cdndex de continguts Assegurances Casablancas Titular: Morera Casablancas, S.L. Corredoria d&#8217;assegurances Adre\u00e7a: Pla\u00e7a Dolors Miralles, 23 08202-Sabadell (Barcelona) C.I.F.: B60821477 Tel\u00e8fon: 93 727 81 09 Email: info@mcasablancas.com En compliment amb lo establert a la Llei 34\/2002 del 11 de juliol de serveis de la societat de la informaci\u00f3 i de comer\u00e7 electr\u00f2nic, a continuaci\u00f3 es [&hellip;]<\/p>\n","protected":false},"author":2,"featured_media":0,"parent":0,"menu_order":8,"comment_status":"closed","ping_status":"closed","template":"","meta":{"footnotes":""},"class_list":["post-6452","page","type-page","status-publish","hentry"],"yoast_head":"<!-- This site is optimized with the Yoast SEO plugin v26.9 - https:\/\/yoast.com\/product\/yoast-seo-wordpress\/ -->\n<title>Av\u00eds Legal - Corredur\u00eda Casablancas<\/title>\n<meta name=\"robots\" content=\"index, follow, max-snippet:-1, max-image-preview:large, max-video-preview:-1\" \/>\n<link rel=\"canonical\" href=\"https:\/\/www.mcasablancas.com\/ca\/avis-legal\/\" \/>\n<meta property=\"og:locale\" content=\"ca_ES\" \/>\n<meta property=\"og:type\" content=\"article\" \/>\n<meta property=\"og:title\" content=\"Av\u00eds Legal - Corredur\u00eda Casablancas\" \/>\n<meta property=\"og:description\" content=\"\u00cdndex de continguts Assegurances Casablancas Titular: Morera Casablancas, S.L. Corredoria d&#8217;assegurances Adre\u00e7a: Pla\u00e7a Dolors Miralles, 23 08202-Sabadell (Barcelona) C.I.F.: B60821477 Tel\u00e8fon: 93 727 81 09 Email: info@mcasablancas.com En compliment amb lo establert a la Llei 34\/2002 del 11 de juliol de serveis de la societat de la informaci\u00f3 i de comer\u00e7 electr\u00f2nic, a continuaci\u00f3 es [&hellip;]\" \/>\n<meta property=\"og:url\" content=\"https:\/\/www.mcasablancas.com\/ca\/avis-legal\/\" \/>\n<meta property=\"og:site_name\" content=\"Corredur\u00eda Casablancas\" \/>\n<meta property=\"article:publisher\" content=\"https:\/\/www.facebook.com\/CasablancasSeguros\/\" \/>\n<meta property=\"article:modified_time\" content=\"2024-07-24T10:19:28+00:00\" \/>\n<meta name=\"twitter:card\" content=\"summary_large_image\" \/>\n<meta name=\"twitter:site\" content=\"@casablancas_cb\" \/>\n<meta name=\"twitter:label1\" content=\"Temps estimat de lectura\" \/>\n\t<meta name=\"twitter:data1\" content=\"7 minuts\" \/>\n<script type=\"application\/ld+json\" class=\"yoast-schema-graph\">{\"@context\":\"https:\/\/schema.org\",\"@graph\":[{\"@type\":\"WebPage\",\"@id\":\"https:\/\/www.mcasablancas.com\/ca\/avis-legal\/\",\"url\":\"https:\/\/www.mcasablancas.com\/ca\/avis-legal\/\",\"name\":\"Av\u00eds Legal - Corredur\u00eda Casablancas\",\"isPartOf\":{\"@id\":\"https:\/\/www.mcasablancas.com\/ca\/#website\"},\"datePublished\":\"2022-12-07T10:54:44+00:00\",\"dateModified\":\"2024-07-24T10:19:28+00:00\",\"breadcrumb\":{\"@id\":\"https:\/\/www.mcasablancas.com\/ca\/avis-legal\/#breadcrumb\"},\"inLanguage\":\"ca\",\"potentialAction\":[{\"@type\":\"ReadAction\",\"target\":[\"https:\/\/www.mcasablancas.com\/ca\/avis-legal\/\"]}]},{\"@type\":\"BreadcrumbList\",\"@id\":\"https:\/\/www.mcasablancas.com\/ca\/avis-legal\/#breadcrumb\",\"itemListElement\":[{\"@type\":\"ListItem\",\"position\":1,\"name\":\"Inici\",\"item\":\"https:\/\/www.mcasablancas.com\/ca\/\"},{\"@type\":\"ListItem\",\"position\":2,\"name\":\"Av\u00eds Legal\"}]},{\"@type\":\"WebSite\",\"@id\":\"https:\/\/www.mcasablancas.com\/ca\/#website\",\"url\":\"https:\/\/www.mcasablancas.com\/ca\/\",\"name\":\"Corredur\u00eda Casablancas\",\"description\":\"Seguros para Instrumentos Musicales, Arte y Cultura\",\"publisher\":{\"@id\":\"https:\/\/www.mcasablancas.com\/ca\/#organization\"},\"potentialAction\":[{\"@type\":\"SearchAction\",\"target\":{\"@type\":\"EntryPoint\",\"urlTemplate\":\"https:\/\/www.mcasablancas.com\/ca\/?s={search_term_string}\"},\"query-input\":{\"@type\":\"PropertyValueSpecification\",\"valueRequired\":true,\"valueName\":\"search_term_string\"}}],\"inLanguage\":\"ca\"},{\"@type\":\"Organization\",\"@id\":\"https:\/\/www.mcasablancas.com\/ca\/#organization\",\"name\":\"Corredur\u00eda Casablancas\",\"url\":\"https:\/\/www.mcasablancas.com\/ca\/\",\"logo\":{\"@type\":\"ImageObject\",\"inLanguage\":\"ca\",\"@id\":\"https:\/\/www.mcasablancas.com\/ca\/#\/schema\/logo\/image\/\",\"url\":\"https:\/\/www.mcasablancas.com\/wp-content\/uploads\/2023\/03\/logo-casablancas.png\",\"contentUrl\":\"https:\/\/www.mcasablancas.com\/wp-content\/uploads\/2023\/03\/logo-casablancas.png\",\"width\":342,\"height\":94,\"caption\":\"Corredur\u00eda Casablancas\"},\"image\":{\"@id\":\"https:\/\/www.mcasablancas.com\/ca\/#\/schema\/logo\/image\/\"},\"sameAs\":[\"https:\/\/www.facebook.com\/CasablancasSeguros\/\",\"https:\/\/x.com\/casablancas_cb\"]}]}<\/script>\n<!-- \/ Yoast SEO plugin. -->","yoast_head_json":{"title":"Av\u00eds Legal - Corredur\u00eda Casablancas","robots":{"index":"index","follow":"follow","max-snippet":"max-snippet:-1","max-image-preview":"max-image-preview:large","max-video-preview":"max-video-preview:-1"},"canonical":"https:\/\/www.mcasablancas.com\/ca\/avis-legal\/","og_locale":"ca_ES","og_type":"article","og_title":"Av\u00eds Legal - Corredur\u00eda Casablancas","og_description":"\u00cdndex de continguts Assegurances Casablancas Titular: Morera Casablancas, S.L. Corredoria d&#8217;assegurances Adre\u00e7a: Pla\u00e7a Dolors Miralles, 23 08202-Sabadell (Barcelona) C.I.F.: B60821477 Tel\u00e8fon: 93 727 81 09 Email: info@mcasablancas.com En compliment amb lo establert a la Llei 34\/2002 del 11 de juliol de serveis de la societat de la informaci\u00f3 i de comer\u00e7 electr\u00f2nic, a continuaci\u00f3 es [&hellip;]","og_url":"https:\/\/www.mcasablancas.com\/ca\/avis-legal\/","og_site_name":"Corredur\u00eda Casablancas","article_publisher":"https:\/\/www.facebook.com\/CasablancasSeguros\/","article_modified_time":"2024-07-24T10:19:28+00:00","twitter_card":"summary_large_image","twitter_site":"@casablancas_cb","twitter_misc":{"Temps estimat de lectura":"7 minuts"},"schema":{"@context":"https:\/\/schema.org","@graph":[{"@type":"WebPage","@id":"https:\/\/www.mcasablancas.com\/ca\/avis-legal\/","url":"https:\/\/www.mcasablancas.com\/ca\/avis-legal\/","name":"Av\u00eds Legal - Corredur\u00eda Casablancas","isPartOf":{"@id":"https:\/\/www.mcasablancas.com\/ca\/#website"},"datePublished":"2022-12-07T10:54:44+00:00","dateModified":"2024-07-24T10:19:28+00:00","breadcrumb":{"@id":"https:\/\/www.mcasablancas.com\/ca\/avis-legal\/#breadcrumb"},"inLanguage":"ca","potentialAction":[{"@type":"ReadAction","target":["https:\/\/www.mcasablancas.com\/ca\/avis-legal\/"]}]},{"@type":"BreadcrumbList","@id":"https:\/\/www.mcasablancas.com\/ca\/avis-legal\/#breadcrumb","itemListElement":[{"@type":"ListItem","position":1,"name":"Inici","item":"https:\/\/www.mcasablancas.com\/ca\/"},{"@type":"ListItem","position":2,"name":"Av\u00eds Legal"}]},{"@type":"WebSite","@id":"https:\/\/www.mcasablancas.com\/ca\/#website","url":"https:\/\/www.mcasablancas.com\/ca\/","name":"Corredur\u00eda Casablancas","description":"Seguros para Instrumentos Musicales, Arte y Cultura","publisher":{"@id":"https:\/\/www.mcasablancas.com\/ca\/#organization"},"potentialAction":[{"@type":"SearchAction","target":{"@type":"EntryPoint","urlTemplate":"https:\/\/www.mcasablancas.com\/ca\/?s={search_term_string}"},"query-input":{"@type":"PropertyValueSpecification","valueRequired":true,"valueName":"search_term_string"}}],"inLanguage":"ca"},{"@type":"Organization","@id":"https:\/\/www.mcasablancas.com\/ca\/#organization","name":"Corredur\u00eda Casablancas","url":"https:\/\/www.mcasablancas.com\/ca\/","logo":{"@type":"ImageObject","inLanguage":"ca","@id":"https:\/\/www.mcasablancas.com\/ca\/#\/schema\/logo\/image\/","url":"https:\/\/www.mcasablancas.com\/wp-content\/uploads\/2023\/03\/logo-casablancas.png","contentUrl":"https:\/\/www.mcasablancas.com\/wp-content\/uploads\/2023\/03\/logo-casablancas.png","width":342,"height":94,"caption":"Corredur\u00eda Casablancas"},"image":{"@id":"https:\/\/www.mcasablancas.com\/ca\/#\/schema\/logo\/image\/"},"sameAs":["https:\/\/www.facebook.com\/CasablancasSeguros\/","https:\/\/x.com\/casablancas_cb"]}]}},"_links":{"self":[{"href":"https:\/\/www.mcasablancas.com\/ca\/wp-json\/wp\/v2\/pages\/6452","targetHints":{"allow":["GET"]}}],"collection":[{"href":"https:\/\/www.mcasablancas.com\/ca\/wp-json\/wp\/v2\/pages"}],"about":[{"href":"https:\/\/www.mcasablancas.com\/ca\/wp-json\/wp\/v2\/types\/page"}],"author":[{"embeddable":true,"href":"https:\/\/www.mcasablancas.com\/ca\/wp-json\/wp\/v2\/users\/2"}],"replies":[{"embeddable":true,"href":"https:\/\/www.mcasablancas.com\/ca\/wp-json\/wp\/v2\/comments?post=6452"}],"version-history":[{"count":10,"href":"https:\/\/www.mcasablancas.com\/ca\/wp-json\/wp\/v2\/pages\/6452\/revisions"}],"predecessor-version":[{"id":13307,"href":"https:\/\/www.mcasablancas.com\/ca\/wp-json\/wp\/v2\/pages\/6452\/revisions\/13307"}],"wp:attachment":[{"href":"https:\/\/www.mcasablancas.com\/ca\/wp-json\/wp\/v2\/media?parent=6452"}],"curies":[{"name":"wp","href":"https:\/\/api.w.org\/{rel}","templated":true}]}}