{"id":6456,"date":"2022-12-07T10:45:38","date_gmt":"2022-12-07T10:45:38","guid":{"rendered":"http:\/\/prueba.mcasablancas.com\/nosaltres\/"},"modified":"2025-07-08T09:24:03","modified_gmt":"2025-07-08T09:24:03","slug":"nosaltres","status":"publish","type":"page","link":"https:\/\/www.mcasablancas.com\/ca\/nosaltres\/","title":{"rendered":"Nosaltres"},"content":{"rendered":"\t\t<div data-elementor-type=\"wp-page\" data-elementor-id=\"6456\" class=\"elementor elementor-6456 elementor-20\" data-elementor-post-type=\"page\">\n\t\t\t\t<div class=\"elementor-element elementor-element-08a8bab e-flex e-con-boxed e-con e-parent\" data-id=\"08a8bab\" data-element_type=\"container\" data-e-type=\"container\">\n\t\t\t\t\t<div class=\"e-con-inner\">\n\t\t<div class=\"elementor-element elementor-element-7a7609d e-con-full e-flex e-con e-child\" data-id=\"7a7609d\" data-element_type=\"container\" data-e-type=\"container\">\n\t\t\t\t<div class=\"elementor-element elementor-element-d1bef38 elementor-widget__width-initial elementor-widget-mobile__width-initial elementor-widget-tablet__width-inherit elementor-widget elementor-widget-text-editor\" data-id=\"d1bef38\" data-element_type=\"widget\" data-e-type=\"widget\" data-widget_type=\"text-editor.default\">\n\t\t\t\t<div class=\"elementor-widget-container\">\n\t\t\t\t\t\t\t\t\t<h4><span style=\"color: #6db3b3;\">La <strong>corredoria d&#8217;assegurances <\/strong><b>Casablancas<\/b> \u00e9s una empresa familiar. Va n\u00e9ixer l\u2019any 1980 i a trav\u00e9s del temps hem anat adquirint experi\u00e8ncia i qualitat en el servei de la mediaci\u00f3 d\u2019assegurances.<\/span><\/h4><p>Treballem tot tipus d\u2019assegurances del mercat assegurador, encara que estem especialitzats en <strong>assegurances per a instruments musicals i per a la cultura<\/strong>.<\/p><p>Ja fa molts anys vam portar de Fran\u00e7a l\u2019asseguran\u00e7a d\u2019instruments musicals cl\u00e0ssics i la vam adaptar a les condicions locals, essent <strong>els primers a oferir-la a Espanya.<\/strong> Avui, m\u00e9s de 40 anys despr\u00e9s, ens confien els seus instruments m\u00e9s de 8.000 m\u00fasics, 25 orquestres de tot l\u2019Estat, bandes, agrupacions musicals, conservatoris i escoles de m\u00fasica. Si vols con\u00e8ixer una mica m\u00e9s sobre la nostra hist\u00f2ria, pots llegir <a href=\"https:\/\/www.mcasablancas.com\/ca\/general-ca\/corredoria-casablancas\/\" target=\"_blank\" rel=\"noopener\"><strong><span style=\"color: #33cccc;\"><span style=\"color: #238787;\">aquesta entrada al nostre blog<\/span><\/span><\/strong><\/a>.<\/p><p>I amb la intenci\u00f3 de contribuir cada cop m\u00e9s amb el m\u00f3n musical, hem anat incorporant <strong>proteccions per als qui viuen de la m\u00fasica<\/strong>, como ara l\u2019<strong><a href=\"https:\/\/www.mcasablancas.com\/ca\/assegurances\/incapacitat-laboral-temporal-de-musics-i-artistes\/\"><span style=\"color: #35868c;\">asseguran\u00e7a d\u2019incapacitat laboral temporal per a m\u00fasics i luthiers,<\/span><\/a><\/strong> assegurances d\u2019assist\u00e8ncia en viatge per a les gires, assegurances per a escoles de m\u00fasica, per a associacions musicals i per a tallers de lutheria, entre d\u2019altres.<\/p><p>Amb els anys hem crescut tamb\u00e9 en altres \u00e0mbits de la cultura, com ara <strong>el teatre, l\u2019art, la dansa, les associacions culturals i el patrimoni arquitect\u00f2nic<\/strong>, entre d\u2019altres. No nom\u00e9s creiem que la cultura ha d\u2019estar protegida, sin\u00f3 que volem participar activament ajudant i col\u00b7laborant amb el sector cultural a trav\u00e9s del nostre coneixement i el nostre servei assegurador, aconseguint <strong>beneficis per als nostres clients, tant qualitatius com econ\u00f2mics<\/strong>, sempre amb la intenci\u00f3 de protegir i donar suport a la cultura en totes les seves manifestacions.<\/p><p>Fem assegurances a tot l\u2019Estat de forma virtual, encara que tamb\u00e9 atenem al <span style=\"color: #238787;\"><strong><a style=\"color: #238787;\" href=\"https:\/\/www.mcasablancas.com\/ca\/contacte\/\" target=\"_blank\" rel=\"noopener\">nostre nou despatx <\/a><\/strong><\/span>a peu de carrer a Sabadell, Barcelona<strong>.<\/strong><\/p><p>La corredoria d&#8217;assegurances Casablancas est\u00e0 col\u00b7legiada al <span style=\"color: #238787;\"><a style=\"color: #238787;\" href=\"https:\/\/www.elcol-legi.org\/w\/es\/\" target=\"_blank\" rel=\"noopener\">Col\u00b7legi de Mediadors de Barcelona<\/a><\/span> i inscrita al registre de la Direcci\u00f3 General d&#8217;Assegurances de Espanya.<\/p>\t\t\t\t\t\t\t\t<\/div>\n\t\t\t\t<\/div>\n\t\t\t\t<\/div>\n\t\t<div class=\"elementor-element elementor-element-c674e08 e-con-full e-flex e-con e-child\" data-id=\"c674e08\" data-element_type=\"container\" data-e-type=\"container\">\n\t\t\t\t<div class=\"elementor-element elementor-element-25b57f7 elementor-widget elementor-widget-image\" data-id=\"25b57f7\" data-element_type=\"widget\" data-e-type=\"widget\" data-widget_type=\"image.default\">\n\t\t\t\t<div class=\"elementor-widget-container\">\n\t\t\t\t\t\t\t\t\t\t\t\t\t\t\t<img fetchpriority=\"high\" decoding=\"async\" width=\"800\" height=\"883\" src=\"https:\/\/www.mcasablancas.com\/wp-content\/uploads\/2025\/06\/Interior-azul-1.jpg\" class=\"attachment-large size-large wp-image-15101\" alt=\"\" srcset=\"https:\/\/www.mcasablancas.com\/wp-content\/uploads\/2025\/06\/Interior-azul-1.jpg 906w, https:\/\/www.mcasablancas.com\/wp-content\/uploads\/2025\/06\/Interior-azul-1-272x300.jpg 272w, https:\/\/www.mcasablancas.com\/wp-content\/uploads\/2025\/06\/Interior-azul-1-768x848.jpg 768w\" sizes=\"(max-width: 800px) 100vw, 800px\" \/>\t\t\t\t\t\t\t\t\t\t\t\t\t\t\t<\/div>\n\t\t\t\t<\/div>\n\t\t\t\t<\/div>\n\t\t\t\t\t<\/div>\n\t\t\t\t<\/div>\n\t\t\t\t<\/div>\n\t\t","protected":false},"excerpt":{"rendered":"<p>La corredoria d&#8217;assegurances Casablancas \u00e9s una empresa familiar. Va n\u00e9ixer l\u2019any 1980 i a trav\u00e9s del temps hem anat adquirint experi\u00e8ncia i qualitat en el servei de la mediaci\u00f3 d\u2019assegurances. Treballem tot tipus d\u2019assegurances del mercat assegurador, encara que estem especialitzats en assegurances per a instruments musicals i per a la cultura. Ja fa molts [&hellip;]<\/p>\n","protected":false},"author":2,"featured_media":9299,"parent":0,"menu_order":14,"comment_status":"closed","ping_status":"closed","template":"","meta":{"footnotes":""},"class_list":["post-6456","page","type-page","status-publish","has-post-thumbnail","hentry"],"yoast_head":"<!-- This site is optimized with the Yoast SEO plugin v26.9 - https:\/\/yoast.com\/product\/yoast-seo-wordpress\/ -->\n<title>Corredoria d&#039;Assegurances Casablancas - Nosaltres<\/title>\n<meta name=\"description\" content=\"En la corredoria d&#039;assegurances Casablancas portem m\u00e9s de 40 anys fent assegurances per al m\u00f3n de la cultura. Fem assegurances a tot l&#039;Estat.\" \/>\n<meta name=\"robots\" content=\"index, follow, max-snippet:-1, max-image-preview:large, max-video-preview:-1\" \/>\n<link rel=\"canonical\" href=\"https:\/\/www.mcasablancas.com\/ca\/nosaltres\/\" \/>\n<meta property=\"og:locale\" content=\"ca_ES\" \/>\n<meta property=\"og:type\" content=\"article\" \/>\n<meta property=\"og:title\" content=\"Corredoria d&#039;Assegurances Casablancas - Nosaltres\" \/>\n<meta property=\"og:description\" content=\"En la corredoria d&#039;assegurances Casablancas portem m\u00e9s de 40 anys fent assegurances per al m\u00f3n de la cultura. Fem assegurances a tot l&#039;Estat.\" \/>\n<meta property=\"og:url\" content=\"https:\/\/www.mcasablancas.com\/ca\/nosaltres\/\" \/>\n<meta property=\"og:site_name\" content=\"Corredur\u00eda Casablancas\" \/>\n<meta property=\"article:publisher\" content=\"https:\/\/www.facebook.com\/CasablancasSeguros\/\" \/>\n<meta property=\"article:modified_time\" content=\"2025-07-08T09:24:03+00:00\" \/>\n<meta property=\"og:image\" content=\"https:\/\/www.mcasablancas.com\/wp-content\/uploads\/2023\/07\/Interior-azul-2.jpg\" \/>\n\t<meta property=\"og:image:width\" content=\"1000\" \/>\n\t<meta property=\"og:image:height\" content=\"1000\" \/>\n\t<meta property=\"og:image:type\" content=\"image\/jpeg\" \/>\n<meta name=\"twitter:card\" content=\"summary_large_image\" \/>\n<meta name=\"twitter:site\" content=\"@casablancas_cb\" \/>\n<meta name=\"twitter:label1\" content=\"Temps estimat de lectura\" \/>\n\t<meta name=\"twitter:data1\" content=\"2 minuts\" \/>\n<script type=\"application\/ld+json\" class=\"yoast-schema-graph\">{\"@context\":\"https:\/\/schema.org\",\"@graph\":[{\"@type\":\"WebPage\",\"@id\":\"https:\/\/www.mcasablancas.com\/ca\/nosaltres\/\",\"url\":\"https:\/\/www.mcasablancas.com\/ca\/nosaltres\/\",\"name\":\"Corredoria d'Assegurances Casablancas - Nosaltres\",\"isPartOf\":{\"@id\":\"https:\/\/www.mcasablancas.com\/ca\/#website\"},\"primaryImageOfPage\":{\"@id\":\"https:\/\/www.mcasablancas.com\/ca\/nosaltres\/#primaryimage\"},\"image\":{\"@id\":\"https:\/\/www.mcasablancas.com\/ca\/nosaltres\/#primaryimage\"},\"thumbnailUrl\":\"https:\/\/www.mcasablancas.com\/wp-content\/uploads\/2023\/07\/Interior-azul-2.jpg\",\"datePublished\":\"2022-12-07T10:45:38+00:00\",\"dateModified\":\"2025-07-08T09:24:03+00:00\",\"description\":\"En la corredoria d'assegurances Casablancas portem m\u00e9s de 40 anys fent assegurances per al m\u00f3n de la cultura. Fem assegurances a tot l'Estat.\",\"breadcrumb\":{\"@id\":\"https:\/\/www.mcasablancas.com\/ca\/nosaltres\/#breadcrumb\"},\"inLanguage\":\"ca\",\"potentialAction\":[{\"@type\":\"ReadAction\",\"target\":[\"https:\/\/www.mcasablancas.com\/ca\/nosaltres\/\"]}]},{\"@type\":\"ImageObject\",\"inLanguage\":\"ca\",\"@id\":\"https:\/\/www.mcasablancas.com\/ca\/nosaltres\/#primaryimage\",\"url\":\"https:\/\/www.mcasablancas.com\/wp-content\/uploads\/2023\/07\/Interior-azul-2.jpg\",\"contentUrl\":\"https:\/\/www.mcasablancas.com\/wp-content\/uploads\/2023\/07\/Interior-azul-2.jpg\",\"width\":1000,\"height\":1000,\"caption\":\"Corredur\u00eda de Seguros Casablancas\"},{\"@type\":\"BreadcrumbList\",\"@id\":\"https:\/\/www.mcasablancas.com\/ca\/nosaltres\/#breadcrumb\",\"itemListElement\":[{\"@type\":\"ListItem\",\"position\":1,\"name\":\"Inici\",\"item\":\"https:\/\/www.mcasablancas.com\/ca\/\"},{\"@type\":\"ListItem\",\"position\":2,\"name\":\"Nosaltres\"}]},{\"@type\":\"WebSite\",\"@id\":\"https:\/\/www.mcasablancas.com\/ca\/#website\",\"url\":\"https:\/\/www.mcasablancas.com\/ca\/\",\"name\":\"Corredur\u00eda Casablancas\",\"description\":\"Seguros para Instrumentos Musicales, Arte y Cultura\",\"publisher\":{\"@id\":\"https:\/\/www.mcasablancas.com\/ca\/#organization\"},\"potentialAction\":[{\"@type\":\"SearchAction\",\"target\":{\"@type\":\"EntryPoint\",\"urlTemplate\":\"https:\/\/www.mcasablancas.com\/ca\/?s={search_term_string}\"},\"query-input\":{\"@type\":\"PropertyValueSpecification\",\"valueRequired\":true,\"valueName\":\"search_term_string\"}}],\"inLanguage\":\"ca\"},{\"@type\":\"Organization\",\"@id\":\"https:\/\/www.mcasablancas.com\/ca\/#organization\",\"name\":\"Corredur\u00eda Casablancas\",\"url\":\"https:\/\/www.mcasablancas.com\/ca\/\",\"logo\":{\"@type\":\"ImageObject\",\"inLanguage\":\"ca\",\"@id\":\"https:\/\/www.mcasablancas.com\/ca\/#\/schema\/logo\/image\/\",\"url\":\"https:\/\/www.mcasablancas.com\/wp-content\/uploads\/2023\/03\/logo-casablancas.png\",\"contentUrl\":\"https:\/\/www.mcasablancas.com\/wp-content\/uploads\/2023\/03\/logo-casablancas.png\",\"width\":342,\"height\":94,\"caption\":\"Corredur\u00eda Casablancas\"},\"image\":{\"@id\":\"https:\/\/www.mcasablancas.com\/ca\/#\/schema\/logo\/image\/\"},\"sameAs\":[\"https:\/\/www.facebook.com\/CasablancasSeguros\/\",\"https:\/\/x.com\/casablancas_cb\"]}]}<\/script>\n<!-- \/ Yoast SEO plugin. -->","yoast_head_json":{"title":"Corredoria d'Assegurances Casablancas - Nosaltres","description":"En la corredoria d'assegurances Casablancas portem m\u00e9s de 40 anys fent assegurances per al m\u00f3n de la cultura. Fem assegurances a tot l'Estat.","robots":{"index":"index","follow":"follow","max-snippet":"max-snippet:-1","max-image-preview":"max-image-preview:large","max-video-preview":"max-video-preview:-1"},"canonical":"https:\/\/www.mcasablancas.com\/ca\/nosaltres\/","og_locale":"ca_ES","og_type":"article","og_title":"Corredoria d'Assegurances Casablancas - Nosaltres","og_description":"En la corredoria d'assegurances Casablancas portem m\u00e9s de 40 anys fent assegurances per al m\u00f3n de la cultura. Fem assegurances a tot l'Estat.","og_url":"https:\/\/www.mcasablancas.com\/ca\/nosaltres\/","og_site_name":"Corredur\u00eda Casablancas","article_publisher":"https:\/\/www.facebook.com\/CasablancasSeguros\/","article_modified_time":"2025-07-08T09:24:03+00:00","og_image":[{"width":1000,"height":1000,"url":"https:\/\/www.mcasablancas.com\/wp-content\/uploads\/2023\/07\/Interior-azul-2.jpg","type":"image\/jpeg"}],"twitter_card":"summary_large_image","twitter_site":"@casablancas_cb","twitter_misc":{"Temps estimat de lectura":"2 minuts"},"schema":{"@context":"https:\/\/schema.org","@graph":[{"@type":"WebPage","@id":"https:\/\/www.mcasablancas.com\/ca\/nosaltres\/","url":"https:\/\/www.mcasablancas.com\/ca\/nosaltres\/","name":"Corredoria d'Assegurances Casablancas - Nosaltres","isPartOf":{"@id":"https:\/\/www.mcasablancas.com\/ca\/#website"},"primaryImageOfPage":{"@id":"https:\/\/www.mcasablancas.com\/ca\/nosaltres\/#primaryimage"},"image":{"@id":"https:\/\/www.mcasablancas.com\/ca\/nosaltres\/#primaryimage"},"thumbnailUrl":"https:\/\/www.mcasablancas.com\/wp-content\/uploads\/2023\/07\/Interior-azul-2.jpg","datePublished":"2022-12-07T10:45:38+00:00","dateModified":"2025-07-08T09:24:03+00:00","description":"En la corredoria d'assegurances Casablancas portem m\u00e9s de 40 anys fent assegurances per al m\u00f3n de la cultura. Fem assegurances a tot l'Estat.","breadcrumb":{"@id":"https:\/\/www.mcasablancas.com\/ca\/nosaltres\/#breadcrumb"},"inLanguage":"ca","potentialAction":[{"@type":"ReadAction","target":["https:\/\/www.mcasablancas.com\/ca\/nosaltres\/"]}]},{"@type":"ImageObject","inLanguage":"ca","@id":"https:\/\/www.mcasablancas.com\/ca\/nosaltres\/#primaryimage","url":"https:\/\/www.mcasablancas.com\/wp-content\/uploads\/2023\/07\/Interior-azul-2.jpg","contentUrl":"https:\/\/www.mcasablancas.com\/wp-content\/uploads\/2023\/07\/Interior-azul-2.jpg","width":1000,"height":1000,"caption":"Corredur\u00eda de Seguros Casablancas"},{"@type":"BreadcrumbList","@id":"https:\/\/www.mcasablancas.com\/ca\/nosaltres\/#breadcrumb","itemListElement":[{"@type":"ListItem","position":1,"name":"Inici","item":"https:\/\/www.mcasablancas.com\/ca\/"},{"@type":"ListItem","position":2,"name":"Nosaltres"}]},{"@type":"WebSite","@id":"https:\/\/www.mcasablancas.com\/ca\/#website","url":"https:\/\/www.mcasablancas.com\/ca\/","name":"Corredur\u00eda Casablancas","description":"Seguros para Instrumentos Musicales, Arte y Cultura","publisher":{"@id":"https:\/\/www.mcasablancas.com\/ca\/#organization"},"potentialAction":[{"@type":"SearchAction","target":{"@type":"EntryPoint","urlTemplate":"https:\/\/www.mcasablancas.com\/ca\/?s={search_term_string}"},"query-input":{"@type":"PropertyValueSpecification","valueRequired":true,"valueName":"search_term_string"}}],"inLanguage":"ca"},{"@type":"Organization","@id":"https:\/\/www.mcasablancas.com\/ca\/#organization","name":"Corredur\u00eda Casablancas","url":"https:\/\/www.mcasablancas.com\/ca\/","logo":{"@type":"ImageObject","inLanguage":"ca","@id":"https:\/\/www.mcasablancas.com\/ca\/#\/schema\/logo\/image\/","url":"https:\/\/www.mcasablancas.com\/wp-content\/uploads\/2023\/03\/logo-casablancas.png","contentUrl":"https:\/\/www.mcasablancas.com\/wp-content\/uploads\/2023\/03\/logo-casablancas.png","width":342,"height":94,"caption":"Corredur\u00eda Casablancas"},"image":{"@id":"https:\/\/www.mcasablancas.com\/ca\/#\/schema\/logo\/image\/"},"sameAs":["https:\/\/www.facebook.com\/CasablancasSeguros\/","https:\/\/x.com\/casablancas_cb"]}]}},"_links":{"self":[{"href":"https:\/\/www.mcasablancas.com\/ca\/wp-json\/wp\/v2\/pages\/6456","targetHints":{"allow":["GET"]}}],"collection":[{"href":"https:\/\/www.mcasablancas.com\/ca\/wp-json\/wp\/v2\/pages"}],"about":[{"href":"https:\/\/www.mcasablancas.com\/ca\/wp-json\/wp\/v2\/types\/page"}],"author":[{"embeddable":true,"href":"https:\/\/www.mcasablancas.com\/ca\/wp-json\/wp\/v2\/users\/2"}],"replies":[{"embeddable":true,"href":"https:\/\/www.mcasablancas.com\/ca\/wp-json\/wp\/v2\/comments?post=6456"}],"version-history":[{"count":178,"href":"https:\/\/www.mcasablancas.com\/ca\/wp-json\/wp\/v2\/pages\/6456\/revisions"}],"predecessor-version":[{"id":15516,"href":"https:\/\/www.mcasablancas.com\/ca\/wp-json\/wp\/v2\/pages\/6456\/revisions\/15516"}],"wp:featuredmedia":[{"embeddable":true,"href":"https:\/\/www.mcasablancas.com\/ca\/wp-json\/wp\/v2\/media\/9299"}],"wp:attachment":[{"href":"https:\/\/www.mcasablancas.com\/ca\/wp-json\/wp\/v2\/media?parent=6456"}],"curies":[{"name":"wp","href":"https:\/\/api.w.org\/{rel}","templated":true}]}}